{"id":606,"date":"2020-03-10T12:37:24","date_gmt":"2020-03-10T12:37:24","guid":{"rendered":"https:\/\/www.platoobert.com\/?page_id=606"},"modified":"2024-09-30T11:01:59","modified_gmt":"2024-09-30T11:01:59","slug":"politica-de-privacitat","status":"publish","type":"page","link":"https:\/\/www.platoobert.com\/ca\/politica-de-privacitat\/","title":{"rendered":"Pol\u00edtica de Privacitat"},"content":{"rendered":"<h1>Pol\u00edtica de Privacidad<\/h1>\n<p>Les informamos que, de acuerdo con el Reglamento (UE) 2016\/679 General de Protecci\u00f3n de Datos, ponemos a su disposici\u00f3n la siguiente informaci\u00f3n:<\/p>\n<p>El Responsable del tratamiento de sus datos es Plat\u00f3 Obert de Produccions, S.L.U, con CIF: B64517386 y domicilio en Barcelona, C\/ Sicilia, 368 ent 2\u00aa &#8211; CP 08025. Le informamos que trataremos la informaci\u00f3n que usted nos facilite con el fin de contestar su solicitud de informaci\u00f3n. Los datos personales proporcionados se conservar\u00e1n mientras usted no solicite su supresi\u00f3n.<\/p>\n<p>No comunicaremos sus datos. Le informamos que usted tiene derecho a acceder a sus datos personales, as\u00ed como a solicitar la rectificaci\u00f3n de los datos inexactos o, en su caso, solicitar su supresi\u00f3n cuando, entre otros motivos, los datos ya no sean necesarios para los fines que fueron recogidos. En determinadas circunstancias, usted podr\u00e1 oponerse o solicitar la limitaci\u00f3n del tratamiento de sus datos, en cuyo caso \u00fanicamente los conservaremos por motivos leg\u00edtimos imperiosos, o el ejercicio o la defensa de posibles reclamaciones.<\/p>\n<p>La base legal para el tratamiento de sus datos es el consentimiento otorgado al clicar la casilla de aceptaci\u00f3n al final de este formulario<\/p>\n","protected":false},"excerpt":{"rendered":"<p>Pol\u00edtica de Privacidad Les informamos que, de acuerdo con el Reglamento (UE) 2016\/679 General de Protecci\u00f3n de Datos, ponemos a su disposici\u00f3n la siguiente informaci\u00f3n: El Responsable del tratamiento de sus datos es Plat\u00f3 Obert de Produccions, S.L.U, con CIF: B64517386 y domicilio en Barcelona, C\/ Sicilia, 368 ent 2\u00aa &#8211; CP 08025. Le informamos&#8230;  <a class=\"excerpt-read-more\" href=\"https:\/\/www.platoobert.com\/ca\/politica-de-privacitat\/\" title=\"Read Pol\u00edtica de Privacitat\">Read more &raquo;<\/a><\/p>\n","protected":false},"author":2,"featured_media":0,"parent":0,"menu_order":0,"comment_status":"closed","ping_status":"closed","template":"","meta":{"_acf_changed":false,"footnotes":""},"class_list":["post-606","page","type-page","status-publish","hentry"],"acf":[],"yoast_head":"<!-- This site is optimized with the Yoast SEO plugin v27.0 - https:\/\/yoast.com\/product\/yoast-seo-wordpress\/ -->\n<title>Pol\u00edtica de Privacitat &#8212; POP Productions<\/title>\n<meta name=\"description\" content=\"At POP Productions we&#039;re online video makers.\" \/>\n<meta name=\"robots\" content=\"index, follow, max-snippet:-1, max-image-preview:large, max-video-preview:-1\" \/>\n<link rel=\"canonical\" href=\"https:\/\/www.platoobert.com\/ca\/politica-de-privacitat\/\" \/>\n<meta property=\"og:locale\" content=\"ca_ES\" \/>\n<meta property=\"og:type\" content=\"article\" \/>\n<meta property=\"og:title\" content=\"Pol\u00edtica de Privacitat &#8212; POP Productions\" \/>\n<meta property=\"og:description\" content=\"At POP Productions we&#039;re online video makers.\" \/>\n<meta property=\"og:url\" content=\"https:\/\/www.platoobert.com\/ca\/politica-de-privacitat\/\" \/>\n<meta property=\"og:site_name\" content=\"POP Productions\" \/>\n<meta property=\"article:publisher\" content=\"https:\/\/www.facebook.com\/platoobert\" \/>\n<meta property=\"article:modified_time\" content=\"2024-09-30T11:01:59+00:00\" \/>\n<meta property=\"og:image\" content=\"https:\/\/www.platoobert.com\/wp-content\/uploads\/2019\/07\/tile.png\" \/>\n\t<meta property=\"og:image:width\" content=\"558\" \/>\n\t<meta property=\"og:image:height\" content=\"558\" \/>\n\t<meta property=\"og:image:type\" content=\"image\/png\" \/>\n<meta name=\"twitter:card\" content=\"summary_large_image\" \/>\n<meta name=\"twitter:site\" content=\"@platoobert\" \/>\n<meta name=\"twitter:label1\" content=\"Temps estimat de lectura\" \/>\n\t<meta name=\"twitter:data1\" content=\"1 minut\" \/>\n<script type=\"application\/ld+json\" class=\"yoast-schema-graph\">{\"@context\":\"https:\/\/schema.org\",\"@graph\":[{\"@type\":\"WebPage\",\"@id\":\"https:\/\/www.platoobert.com\/ca\/politica-de-privacitat\/\",\"url\":\"https:\/\/www.platoobert.com\/ca\/politica-de-privacitat\/\",\"name\":\"Pol\u00edtica de Privacitat &#8212; POP Productions\",\"isPartOf\":{\"@id\":\"https:\/\/www.platoobert.com\/ca\/#website\"},\"datePublished\":\"2020-03-10T12:37:24+00:00\",\"dateModified\":\"2024-09-30T11:01:59+00:00\",\"description\":\"At POP Productions we're online video makers.\",\"breadcrumb\":{\"@id\":\"https:\/\/www.platoobert.com\/ca\/politica-de-privacitat\/#breadcrumb\"},\"inLanguage\":\"ca\",\"potentialAction\":[{\"@type\":\"ReadAction\",\"target\":[\"https:\/\/www.platoobert.com\/ca\/politica-de-privacitat\/\"]}]},{\"@type\":\"BreadcrumbList\",\"@id\":\"https:\/\/www.platoobert.com\/ca\/politica-de-privacitat\/#breadcrumb\",\"itemListElement\":[{\"@type\":\"ListItem\",\"position\":1,\"name\":\"Portada\",\"item\":\"https:\/\/www.platoobert.com\/ca\/\"},{\"@type\":\"ListItem\",\"position\":2,\"name\":\"Pol\u00edtica de Privacitat\"}]},{\"@type\":\"WebSite\",\"@id\":\"https:\/\/www.platoobert.com\/ca\/#website\",\"url\":\"https:\/\/www.platoobert.com\/ca\/\",\"name\":\"POP Productions\",\"description\":\"We&#039;re online video makers\",\"publisher\":{\"@id\":\"https:\/\/www.platoobert.com\/ca\/#organization\"},\"potentialAction\":[{\"@type\":\"SearchAction\",\"target\":{\"@type\":\"EntryPoint\",\"urlTemplate\":\"https:\/\/www.platoobert.com\/ca\/?s={search_term_string}\"},\"query-input\":{\"@type\":\"PropertyValueSpecification\",\"valueRequired\":true,\"valueName\":\"search_term_string\"}}],\"inLanguage\":\"ca\"},{\"@type\":\"Organization\",\"@id\":\"https:\/\/www.platoobert.com\/ca\/#organization\",\"name\":\"POP Produccions\",\"url\":\"https:\/\/www.platoobert.com\/ca\/\",\"logo\":{\"@type\":\"ImageObject\",\"inLanguage\":\"ca\",\"@id\":\"https:\/\/www.platoobert.com\/ca\/#\/schema\/logo\/image\/\",\"url\":\"https:\/\/www.platoobert.com\/wp-content\/uploads\/2019\/07\/icon.png\",\"contentUrl\":\"https:\/\/www.platoobert.com\/wp-content\/uploads\/2019\/07\/icon.png\",\"width\":192,\"height\":192,\"caption\":\"POP Produccions\"},\"image\":{\"@id\":\"https:\/\/www.platoobert.com\/ca\/#\/schema\/logo\/image\/\"},\"sameAs\":[\"https:\/\/www.facebook.com\/platoobert\",\"https:\/\/x.com\/platoobert\",\"https:\/\/www.youtube.com\/user\/platoobert\"]}]}<\/script>\n<!-- \/ Yoast SEO plugin. -->","yoast_head_json":{"title":"Pol\u00edtica de Privacitat &#8212; POP Productions","description":"At POP Productions we're online video makers.","robots":{"index":"index","follow":"follow","max-snippet":"max-snippet:-1","max-image-preview":"max-image-preview:large","max-video-preview":"max-video-preview:-1"},"canonical":"https:\/\/www.platoobert.com\/ca\/politica-de-privacitat\/","og_locale":"ca_ES","og_type":"article","og_title":"Pol\u00edtica de Privacitat &#8212; POP Productions","og_description":"At POP Productions we're online video makers.","og_url":"https:\/\/www.platoobert.com\/ca\/politica-de-privacitat\/","og_site_name":"POP Productions","article_publisher":"https:\/\/www.facebook.com\/platoobert","article_modified_time":"2024-09-30T11:01:59+00:00","og_image":[{"width":558,"height":558,"url":"https:\/\/www.platoobert.com\/wp-content\/uploads\/2019\/07\/tile.png","type":"image\/png"}],"twitter_card":"summary_large_image","twitter_site":"@platoobert","twitter_misc":{"Temps estimat de lectura":"1 minut"},"schema":{"@context":"https:\/\/schema.org","@graph":[{"@type":"WebPage","@id":"https:\/\/www.platoobert.com\/ca\/politica-de-privacitat\/","url":"https:\/\/www.platoobert.com\/ca\/politica-de-privacitat\/","name":"Pol\u00edtica de Privacitat &#8212; POP Productions","isPartOf":{"@id":"https:\/\/www.platoobert.com\/ca\/#website"},"datePublished":"2020-03-10T12:37:24+00:00","dateModified":"2024-09-30T11:01:59+00:00","description":"At POP Productions we're online video makers.","breadcrumb":{"@id":"https:\/\/www.platoobert.com\/ca\/politica-de-privacitat\/#breadcrumb"},"inLanguage":"ca","potentialAction":[{"@type":"ReadAction","target":["https:\/\/www.platoobert.com\/ca\/politica-de-privacitat\/"]}]},{"@type":"BreadcrumbList","@id":"https:\/\/www.platoobert.com\/ca\/politica-de-privacitat\/#breadcrumb","itemListElement":[{"@type":"ListItem","position":1,"name":"Portada","item":"https:\/\/www.platoobert.com\/ca\/"},{"@type":"ListItem","position":2,"name":"Pol\u00edtica de Privacitat"}]},{"@type":"WebSite","@id":"https:\/\/www.platoobert.com\/ca\/#website","url":"https:\/\/www.platoobert.com\/ca\/","name":"POP Productions","description":"We&#039;re online video makers","publisher":{"@id":"https:\/\/www.platoobert.com\/ca\/#organization"},"potentialAction":[{"@type":"SearchAction","target":{"@type":"EntryPoint","urlTemplate":"https:\/\/www.platoobert.com\/ca\/?s={search_term_string}"},"query-input":{"@type":"PropertyValueSpecification","valueRequired":true,"valueName":"search_term_string"}}],"inLanguage":"ca"},{"@type":"Organization","@id":"https:\/\/www.platoobert.com\/ca\/#organization","name":"POP Produccions","url":"https:\/\/www.platoobert.com\/ca\/","logo":{"@type":"ImageObject","inLanguage":"ca","@id":"https:\/\/www.platoobert.com\/ca\/#\/schema\/logo\/image\/","url":"https:\/\/www.platoobert.com\/wp-content\/uploads\/2019\/07\/icon.png","contentUrl":"https:\/\/www.platoobert.com\/wp-content\/uploads\/2019\/07\/icon.png","width":192,"height":192,"caption":"POP Produccions"},"image":{"@id":"https:\/\/www.platoobert.com\/ca\/#\/schema\/logo\/image\/"},"sameAs":["https:\/\/www.facebook.com\/platoobert","https:\/\/x.com\/platoobert","https:\/\/www.youtube.com\/user\/platoobert"]}]}},"_links":{"self":[{"href":"https:\/\/www.platoobert.com\/ca\/wp-json\/wp\/v2\/pages\/606","targetHints":{"allow":["GET"]}}],"collection":[{"href":"https:\/\/www.platoobert.com\/ca\/wp-json\/wp\/v2\/pages"}],"about":[{"href":"https:\/\/www.platoobert.com\/ca\/wp-json\/wp\/v2\/types\/page"}],"author":[{"embeddable":true,"href":"https:\/\/www.platoobert.com\/ca\/wp-json\/wp\/v2\/users\/2"}],"replies":[{"embeddable":true,"href":"https:\/\/www.platoobert.com\/ca\/wp-json\/wp\/v2\/comments?post=606"}],"version-history":[{"count":3,"href":"https:\/\/www.platoobert.com\/ca\/wp-json\/wp\/v2\/pages\/606\/revisions"}],"predecessor-version":[{"id":1094,"href":"https:\/\/www.platoobert.com\/ca\/wp-json\/wp\/v2\/pages\/606\/revisions\/1094"}],"wp:attachment":[{"href":"https:\/\/www.platoobert.com\/ca\/wp-json\/wp\/v2\/media?parent=606"}],"curies":[{"name":"wp","href":"https:\/\/api.w.org\/{rel}","templated":true}]}}