{"id":384,"date":"2019-07-12T15:37:40","date_gmt":"2019-07-12T15:37:40","guid":{"rendered":"https:\/\/www.platoobert.com\/cookies\/"},"modified":"2019-07-12T15:37:40","modified_gmt":"2019-07-12T15:37:40","slug":"cookies","status":"publish","type":"page","link":"https:\/\/www.platoobert.com\/ca\/cookies\/","title":{"rendered":"Cookies"},"content":{"rendered":"<h1>POL\u00cdTICA DE COOKIES<\/h1>\n<h3><strong>INFORMACI\u00d3N GENERAL SOBRE LAS COOKIES<\/strong><\/h3>\n<p>Una cookie es un peque\u00f1o archivo de texto que se genera de forma imperceptible en el terminal del usuario (PC, smartphone, tablet o cualquier otro dispositivo) al acceder a la p\u00e1gina web. La cookie almacena\u00a0 y recupera la informaci\u00f3n sobre la navegaci\u00f3n que se efect\u00faa desde dicho equipo. No son elementos nocivos y no da\u00f1an los equipos.\u00a0<strong>\u00a0<\/strong><\/p>\n<h3><strong>LAS COOKIES EN ESTA P\u00c1GINA WEB<\/strong><\/h3>\n<p>Este sitio web, al igual que la mayor\u00eda de los sitios en Internet, usa Cookies para mejorar y optimizar la experiencia del usuario. A continuaci\u00f3n encontrar\u00e1s informaci\u00f3n detallada sobre qu\u00e9 son las \u201cCookies\u201d, qu\u00e9 tipolog\u00eda utiliza este sitio web, c\u00f3mo puedes desactivarlas en tu navegador y c\u00f3mo bloquear espec\u00edficamente la instalaci\u00f3n de Cookies de terceros. El uso de cookies nos permite ofrecer una mejor experiencia de navegaci\u00f3n al usuario.\u00a0 Nos ayudan a identificar al usuario (si est\u00e1 registrado), a recordar sus preferencias de navegaci\u00f3n, a realizar estudios sobre los patrones de uso para mejorar nuestra web, etc. En definitiva, su uso es necesario para mejorar la navegaci\u00f3n, sin ellas la p\u00e1gina web no funcionar\u00eda de forma \u00f3ptima. No usamos cookies de publicidad comportamental. Las Cookies se asocian \u00fanicamente a un usuario an\u00f3nimo y su ordenador\/dispositivo y no proporcionan referencias que permitan conocer datos personales. En todo momento podr\u00e1s acceder a la configuraci\u00f3n de tu navegador para modificar y\/o bloquear la instalaci\u00f3n de las Cookies enviadas por la web, sin que ello impida al acceso a los contenidos. Sin embargo, la calidad del funcionamiento de los Servicios puede verse afectada.<\/p>\n<h3><strong>\u00bfPOR QU\u00c9 SON IMPORTANTES?<\/strong><\/h3>\n<p>Desde un punto de vista t\u00e9cnico, permiten que los sitios web funcionen de forma m\u00e1s \u00e1gil y adaptada a las preferencias de los usuarios, como por ejemplo almacenar el idioma, la moneda del pa\u00eds o detectar el dispositivo de acceso. Establecen niveles de protecci\u00f3n y seguridad que Impiden o dificultan ciberataques contra el sitio web o sus usuarios. Permiten que los gestores de los medios puedan conocer datos estad\u00edsticos recopilados en las Cookies para mejorar la calidad y experiencia de sus servicios. Sirven para optimizar la publicidad que mostramos a los usuarios, ofreciendo la que m\u00e1s se ajusta a sus intereses.\u00a0<strong>\u00a0<\/strong><\/p>\n<h3><strong>LISTA CON LAS COOKIES UTILIZADAS Y SU DESCRIPCI\u00d3N<\/strong><\/h3>\n<ul>\n<li><strong>Cookies propias:<\/strong> Son aqu\u00e9llas que se env\u00edan al equipo terminal del usuario, desde un equipo o dominio, gestionado por el propio editor y desde el que se presta el servicio solicitado por el usuario.<\/li>\n<li><strong>Cookies de tercero:<\/strong> Son aqu\u00e9llas que se env\u00edan al equipo terminal del usuario, desde un equipo o dominio, que no es gestionado por el editor, sino por otra entidad que trata los datos obtenidos trav\u00e9s de las cookies. El cuadro final muestra una relaci\u00f3n de las cookies de terceros que utilizamos en esta web.<\/li>\n<li><strong>Cookies de sesi\u00f3n:\u00a0<\/strong>Son un tipo de cookies dise\u00f1adas para recabar y almacenar datos mientras el usuario accede a una p\u00e1gina web.<\/li>\n<li><strong>Cookies persistentes:<\/strong> Son un tipo de cookies en el que los datos siguen almacenados en el terminal y pueden ser accedidos y tratados durante un periodo definido por el responsable de la cookie, y que puede ir de unos minutos a varios a\u00f1os.<\/li>\n<li><strong>Cookies de an\u00e1lisis:<\/strong>\u00a0Son aqu\u00e9llas que, bien tratadas por nosotros o por terceros, nos permiten cuantificar el n\u00famero de usuarios y as\u00ed realizar la medici\u00f3n y an\u00e1lisis estad\u00edstico de la utilizaci\u00f3n que hacen los usuarios del servicio ofertado. Para ello se analiza su navegaci\u00f3n en nuestra p\u00e1gina web con el fin de mejorar la oferta de productos o servicios que le ofrecemos.\u00a0<strong>\u00a0<\/strong><\/li>\n<\/ul>\n<h3><strong>ADMINISTRACI\u00d3N DE LAS COOKIES: REVOCACI\u00d3N Y ELIMINACI\u00d3N<\/strong><\/h3>\n<p>El usuario, en cualquier momento, puede bloquear o eliminar las cookies instaladas en su equipo mediante la configuraci\u00f3n de las opciones del navegador instalado en su ordenador:<br \/>\nGoogle Chrome: <a href=\"http:\/\/support.google.com\/chrome\/bin\/answer.py?hl=es&amp;answer=95647\" target=\"_blank\" rel=\"noopener noreferrer\">http:\/\/support.google.com\/chrome\/bin\/answer.py?hl=es&amp;answer=95647<\/a><br \/>\nInternet Explorer: <a href=\"http:\/\/windows.microsoft.com\/es-es\/windows7\/how-to-manage-cookies-in-internet-explorer-9\" target=\"_blank\" rel=\"noopener noreferrer\">http:\/\/windows.microsoft.com\/es-es\/windows7\/how-to-manage-cookies-in-internet-explorer-9<\/a><br \/>\nMozilla Firefox:\u00a0<a href=\"http:\/\/support.mozilla.org\/es\/kb\/habilitar-y-deshabilitar-cookies-que-los-sitios-we\" target=\"_blank\" rel=\"noopener noreferrer\">http:\/\/support.mozilla.org\/es\/kb\/habilitar-y-deshabilitar-cookies-que-los-sitios-we<\/a><br \/>\nSafari:\u00a0<a href=\"http:\/\/support.apple.com\/kb\/ph5042\" target=\"_blank\" rel=\"noopener noreferrer\">http:\/\/support.apple.com\/kb\/ph5042<\/a><\/p>\n<p>En caso que no se permita la instalaci\u00f3n de cookies en su navegador, es posible que no pueda acceder a alguna de las secciones de nuestra web.\u00a0<strong>\u00a0<\/strong><\/p>\n<h3><strong>TERCEROS PRESTADORES DE SERVICIOS<\/strong><\/h3>\n<p>En concreto, los terceros prestadores de servicios con los que hemos contratado alg\u00fan servicio para el que es necesaria la utilizaci\u00f3n de cookies son:<\/p>\n<table id=\"tblCookies\">\n<tbody>\n<tr>\n<td><strong>Nombre del proveedor<\/strong><\/td>\n<td><strong>Finalidad de la Cookie<\/strong><\/td>\n<td><strong>Descripci\u00f3n<\/strong><\/td>\n<td><strong>M\u00e1s informaci\u00f3n<\/strong><\/td>\n<\/tr>\n<tr>\n<td>Google Analytics<\/td>\n<td>An\u00e1lisis web<\/td>\n<td>Permite que los propietarios de sitios web conozcan c\u00f3mo interact\u00faan los usuarios con su sitio web. Asimismo, habilita cookies en el dominio del sitio en el que te encuentras y utiliza un conjunto de cookies denominadas \u201c__utma\u201d y \u201c__utmz\u201d para recopilar informaci\u00f3n de forma an\u00f3nima y elaborar informes de tendencias de sitios web sin identificar a usuarios individuales.<\/td>\n<td><a href=\"https:\/\/developers.google.com\/analytics\/devguides\/collection\/analyticsjs\/cookie-usage\"><strong>Info. de Google<\/strong><\/a><\/td>\n<\/tr>\n<\/tbody>\n<\/table>\n","protected":false},"excerpt":{"rendered":"<p>POL\u00cdTICA DE COOKIES INFORMACI\u00d3N GENERAL SOBRE LAS COOKIES Una cookie es un peque\u00f1o archivo de texto que se genera de forma imperceptible en el terminal del usuario (PC, smartphone, tablet o cualquier otro dispositivo) al acceder a la p\u00e1gina web. La cookie almacena\u00a0 y recupera la informaci\u00f3n sobre la navegaci\u00f3n que se efect\u00faa desde dicho&#8230;  <a class=\"excerpt-read-more\" href=\"https:\/\/www.platoobert.com\/ca\/cookies\/\" title=\"Read Cookies\">Read more &raquo;<\/a><\/p>\n","protected":false},"author":1,"featured_media":0,"parent":0,"menu_order":0,"comment_status":"closed","ping_status":"closed","template":"","meta":{"_acf_changed":false,"footnotes":""},"class_list":["post-384","page","type-page","status-publish","hentry"],"acf":[],"yoast_head":"<!-- This site is optimized with the Yoast SEO plugin v27.0 - https:\/\/yoast.com\/product\/yoast-seo-wordpress\/ -->\n<title>Cookies &#8212; POP Productions<\/title>\n<meta name=\"description\" content=\"At POP Productions we&#039;re online video makers.\" \/>\n<meta name=\"robots\" content=\"index, follow, max-snippet:-1, max-image-preview:large, max-video-preview:-1\" \/>\n<link rel=\"canonical\" href=\"https:\/\/www.platoobert.com\/ca\/cookies\/\" \/>\n<meta property=\"og:locale\" content=\"ca_ES\" \/>\n<meta property=\"og:type\" content=\"article\" \/>\n<meta property=\"og:title\" content=\"Cookies &#8212; POP Productions\" \/>\n<meta property=\"og:description\" content=\"At POP Productions we&#039;re online video makers.\" \/>\n<meta property=\"og:url\" content=\"https:\/\/www.platoobert.com\/ca\/cookies\/\" \/>\n<meta property=\"og:site_name\" content=\"POP Productions\" \/>\n<meta property=\"article:publisher\" content=\"https:\/\/www.facebook.com\/platoobert\" \/>\n<meta property=\"og:image\" content=\"https:\/\/www.platoobert.com\/wp-content\/uploads\/2019\/07\/tile.png\" \/>\n\t<meta property=\"og:image:width\" content=\"558\" \/>\n\t<meta property=\"og:image:height\" content=\"558\" \/>\n\t<meta property=\"og:image:type\" content=\"image\/png\" \/>\n<meta name=\"twitter:card\" content=\"summary_large_image\" \/>\n<meta name=\"twitter:site\" content=\"@platoobert\" \/>\n<meta name=\"twitter:label1\" content=\"Temps estimat de lectura\" \/>\n\t<meta name=\"twitter:data1\" content=\"4 minuts\" \/>\n<script type=\"application\/ld+json\" class=\"yoast-schema-graph\">{\"@context\":\"https:\/\/schema.org\",\"@graph\":[{\"@type\":\"WebPage\",\"@id\":\"https:\/\/www.platoobert.com\/ca\/cookies\/\",\"url\":\"https:\/\/www.platoobert.com\/ca\/cookies\/\",\"name\":\"Cookies &#8212; POP Productions\",\"isPartOf\":{\"@id\":\"https:\/\/www.platoobert.com\/ca\/#website\"},\"datePublished\":\"2019-07-12T15:37:40+00:00\",\"description\":\"At POP Productions we're online video makers.\",\"breadcrumb\":{\"@id\":\"https:\/\/www.platoobert.com\/ca\/cookies\/#breadcrumb\"},\"inLanguage\":\"ca\",\"potentialAction\":[{\"@type\":\"ReadAction\",\"target\":[\"https:\/\/www.platoobert.com\/ca\/cookies\/\"]}]},{\"@type\":\"BreadcrumbList\",\"@id\":\"https:\/\/www.platoobert.com\/ca\/cookies\/#breadcrumb\",\"itemListElement\":[{\"@type\":\"ListItem\",\"position\":1,\"name\":\"Portada\",\"item\":\"https:\/\/www.platoobert.com\/ca\/\"},{\"@type\":\"ListItem\",\"position\":2,\"name\":\"Cookies\"}]},{\"@type\":\"WebSite\",\"@id\":\"https:\/\/www.platoobert.com\/ca\/#website\",\"url\":\"https:\/\/www.platoobert.com\/ca\/\",\"name\":\"POP Productions\",\"description\":\"We&#039;re online video makers\",\"publisher\":{\"@id\":\"https:\/\/www.platoobert.com\/ca\/#organization\"},\"potentialAction\":[{\"@type\":\"SearchAction\",\"target\":{\"@type\":\"EntryPoint\",\"urlTemplate\":\"https:\/\/www.platoobert.com\/ca\/?s={search_term_string}\"},\"query-input\":{\"@type\":\"PropertyValueSpecification\",\"valueRequired\":true,\"valueName\":\"search_term_string\"}}],\"inLanguage\":\"ca\"},{\"@type\":\"Organization\",\"@id\":\"https:\/\/www.platoobert.com\/ca\/#organization\",\"name\":\"POP Produccions\",\"url\":\"https:\/\/www.platoobert.com\/ca\/\",\"logo\":{\"@type\":\"ImageObject\",\"inLanguage\":\"ca\",\"@id\":\"https:\/\/www.platoobert.com\/ca\/#\/schema\/logo\/image\/\",\"url\":\"https:\/\/www.platoobert.com\/wp-content\/uploads\/2019\/07\/icon.png\",\"contentUrl\":\"https:\/\/www.platoobert.com\/wp-content\/uploads\/2019\/07\/icon.png\",\"width\":192,\"height\":192,\"caption\":\"POP Produccions\"},\"image\":{\"@id\":\"https:\/\/www.platoobert.com\/ca\/#\/schema\/logo\/image\/\"},\"sameAs\":[\"https:\/\/www.facebook.com\/platoobert\",\"https:\/\/x.com\/platoobert\",\"https:\/\/www.youtube.com\/user\/platoobert\"]}]}<\/script>\n<!-- \/ Yoast SEO plugin. -->","yoast_head_json":{"title":"Cookies &#8212; POP Productions","description":"At POP Productions we're online video makers.","robots":{"index":"index","follow":"follow","max-snippet":"max-snippet:-1","max-image-preview":"max-image-preview:large","max-video-preview":"max-video-preview:-1"},"canonical":"https:\/\/www.platoobert.com\/ca\/cookies\/","og_locale":"ca_ES","og_type":"article","og_title":"Cookies &#8212; POP Productions","og_description":"At POP Productions we're online video makers.","og_url":"https:\/\/www.platoobert.com\/ca\/cookies\/","og_site_name":"POP Productions","article_publisher":"https:\/\/www.facebook.com\/platoobert","og_image":[{"width":558,"height":558,"url":"https:\/\/www.platoobert.com\/wp-content\/uploads\/2019\/07\/tile.png","type":"image\/png"}],"twitter_card":"summary_large_image","twitter_site":"@platoobert","twitter_misc":{"Temps estimat de lectura":"4 minuts"},"schema":{"@context":"https:\/\/schema.org","@graph":[{"@type":"WebPage","@id":"https:\/\/www.platoobert.com\/ca\/cookies\/","url":"https:\/\/www.platoobert.com\/ca\/cookies\/","name":"Cookies &#8212; POP Productions","isPartOf":{"@id":"https:\/\/www.platoobert.com\/ca\/#website"},"datePublished":"2019-07-12T15:37:40+00:00","description":"At POP Productions we're online video makers.","breadcrumb":{"@id":"https:\/\/www.platoobert.com\/ca\/cookies\/#breadcrumb"},"inLanguage":"ca","potentialAction":[{"@type":"ReadAction","target":["https:\/\/www.platoobert.com\/ca\/cookies\/"]}]},{"@type":"BreadcrumbList","@id":"https:\/\/www.platoobert.com\/ca\/cookies\/#breadcrumb","itemListElement":[{"@type":"ListItem","position":1,"name":"Portada","item":"https:\/\/www.platoobert.com\/ca\/"},{"@type":"ListItem","position":2,"name":"Cookies"}]},{"@type":"WebSite","@id":"https:\/\/www.platoobert.com\/ca\/#website","url":"https:\/\/www.platoobert.com\/ca\/","name":"POP Productions","description":"We&#039;re online video makers","publisher":{"@id":"https:\/\/www.platoobert.com\/ca\/#organization"},"potentialAction":[{"@type":"SearchAction","target":{"@type":"EntryPoint","urlTemplate":"https:\/\/www.platoobert.com\/ca\/?s={search_term_string}"},"query-input":{"@type":"PropertyValueSpecification","valueRequired":true,"valueName":"search_term_string"}}],"inLanguage":"ca"},{"@type":"Organization","@id":"https:\/\/www.platoobert.com\/ca\/#organization","name":"POP Produccions","url":"https:\/\/www.platoobert.com\/ca\/","logo":{"@type":"ImageObject","inLanguage":"ca","@id":"https:\/\/www.platoobert.com\/ca\/#\/schema\/logo\/image\/","url":"https:\/\/www.platoobert.com\/wp-content\/uploads\/2019\/07\/icon.png","contentUrl":"https:\/\/www.platoobert.com\/wp-content\/uploads\/2019\/07\/icon.png","width":192,"height":192,"caption":"POP Produccions"},"image":{"@id":"https:\/\/www.platoobert.com\/ca\/#\/schema\/logo\/image\/"},"sameAs":["https:\/\/www.facebook.com\/platoobert","https:\/\/x.com\/platoobert","https:\/\/www.youtube.com\/user\/platoobert"]}]}},"_links":{"self":[{"href":"https:\/\/www.platoobert.com\/ca\/wp-json\/wp\/v2\/pages\/384","targetHints":{"allow":["GET"]}}],"collection":[{"href":"https:\/\/www.platoobert.com\/ca\/wp-json\/wp\/v2\/pages"}],"about":[{"href":"https:\/\/www.platoobert.com\/ca\/wp-json\/wp\/v2\/types\/page"}],"author":[{"embeddable":true,"href":"https:\/\/www.platoobert.com\/ca\/wp-json\/wp\/v2\/users\/1"}],"replies":[{"embeddable":true,"href":"https:\/\/www.platoobert.com\/ca\/wp-json\/wp\/v2\/comments?post=384"}],"version-history":[{"count":0,"href":"https:\/\/www.platoobert.com\/ca\/wp-json\/wp\/v2\/pages\/384\/revisions"}],"wp:attachment":[{"href":"https:\/\/www.platoobert.com\/ca\/wp-json\/wp\/v2\/media?parent=384"}],"curies":[{"name":"wp","href":"https:\/\/api.w.org\/{rel}","templated":true}]}}